{"id":967,"date":"2022-04-20T12:23:17","date_gmt":"2022-04-20T12:23:17","guid":{"rendered":"https:\/\/erkamyurt.com.tr\/bulutis\/?page_id=967"},"modified":"2022-04-20T12:43:33","modified_gmt":"2022-04-20T12:43:33","slug":"hakkimizda","status":"publish","type":"page","link":"https:\/\/bulutistekstil.com\/index.php\/tr\/hakkimizda\/","title":{"rendered":"Hakk\u0131m\u0131zda"},"content":{"rendered":"<p>[vc_row el_id=&#8221;who-we-are&#8221; el_class=&#8221;m-t-n-md p-t-md&#8221;][vc_column][vc_custom_heading text=&#8221;Biz Kimiz&#8221; font_container=&#8221;tag:h2|font_size:2em|text_align:left|line_height:1&#8243; use_theme_fonts=&#8221;yes&#8221; el_class=&#8221;mb-4&#8243;][vc_gallery interval=&#8221;3&#8243; images=&#8221;920,921,922,923,929,930&#8243; img_size=&#8221;full&#8221; onclick=&#8221;&#8221;][vc_column_text]2008 y\u0131l\u0131nda g\u00fcnl\u00fck spor giyim, okul k\u0131yafetleri, \u0130\u015f ve Medikal k\u0131yafetleri \u00fcretimi ile yola \u00e7\u0131kan firmam\u0131z, 2018 y\u0131l\u0131nda bebek \u00fcr\u00fcnleri imalat ve satisini urun gam\u0131na eklemi\u015ftir bu amacla yurtd\u0131\u015f\u0131 pazara donuk <strong><a href=\"http:\/\/www.wizybaby.com\">www.wizybaby.com<\/a><\/strong> ile ve yurti\u00e7i pazara d\u00f6n\u00fck <strong><a href=\"http:\/\/www.hosgeldinbebegim.com.tr\">www.hosgeldinbebegim.com.tr<\/a><\/strong> e-ticaret siteleri ile siz de\u011ferli m\u00fc\u015fterilerimize \u00f6zenle haz\u0131rlanm\u0131\u015f essiz bir kolleksiyonu sunmaktad\u0131r.<\/p>\n<p>2021 y\u0131l\u0131nda \u00d6rme ve dokuma kuma\u015f imalat ve sat\u0131\u015f\u0131na baslayan firmam\u0131z kimyasal islemler ile desteklenen (antistatik, antibakteriyel, su iticilik v.b. islemleri ile geli\u015ftirilmi\u015f) teknik tekstil s\u0131n\u0131f\u0131na d\u00f6n\u00fck kuma\u015f \u00fcretimi ve bunun yan\u0131nda yine g\u00fcnl\u00fck spor giyim s\u0131n\u0131flar\u0131na donuk kuma\u015f \u00fcretimi ile ihracat odakl\u0131 bir m\u00fc\u015fteri portf\u00f6y\u00fc edinmi\u015ftir.<\/p>\n<p>Temel ilkemiz do\u011fru m\u00fc\u015fteriye do\u011fru \u00fcr\u00fcn\u00fc do\u011fru zamanda teslim etmek olan firmam\u0131z d\u00fcr\u00fcst ve ilkeli bir satis politikas\u0131n\u0131 m\u00fc\u015fteri memnuniyetinin herseyin oda\u011f\u0131nda oldu\u011fu bir y\u00f6netim tarz\u0131 ile uygulamaya \u00e7al\u0131\u015fmaktad\u0131r.<\/p>\n<p>S\u00fcrekli bir yenilik ve geli\u015ftirme \u00e7abas\u0131 i\u00e7inde olan \u015eirketimiz m\u00fctevazi bir aile \u015firketidir. Ekibimiz hep daha iyiyi ve daha do\u011fruyu bulmay\u0131 kendine ama\u00e7 ve hedef edinmi\u015ftir ve bizler bizi g\u00fc\u00e7l\u00fc k\u0131lan en b\u00fcy\u00fck \u00f6zelli\u011fimizin bu oldu\u011funa inan\u0131yor ve sizleri de m\u00fc\u015fterilerimiz aras\u0131nda g\u00f6rmeyi diliyoruz.<\/p>\n<p>&nbsp;[\/vc_column_text][\/vc_column][\/vc_row][vc_row el_id=&#8221;mission-vision&#8221;][vc_column][vc_custom_heading text=&#8221;Misyon &amp; Vizyon&#8221; font_container=&#8221;tag:h2|font_size:2em|text_align:left|line_height:1&#8243; use_theme_fonts=&#8221;yes&#8221; el_class=&#8221;m-t-xl mb-4&#8243;][vc_tabs position=&#8221;top-left&#8221; type=&#8221;tabs-simple&#8221;][vc_tab title=&#8221;Vision&#8221; tab_id=&#8221;e0ae42cf-7ae1-10&#8243;]<div class=\"porto-u-heading  wpb_custom_497a1ef59c281198d2b8242f83cd467d\" data-hspacer=\"no_spacer\" data-halign=\"left\" style=\"text-align:left\"><div class=\"porto-u-sub-heading\" style=\"\">Birincisi \u00fclkemiz ve yak\u0131n co\u011frafyam\u0131z\u0131n \u00f6tesinde faaliyet g\u00f6sterdi\u011fi tekstil sekt\u00f6r\u00fcne yenilik getirmek ve sekt\u00f6rde rakiplerine g\u00f6re \u00f6ncelikli olmakt\u0131r.<\/div><\/div>[\/vc_tab][vc_tab title=&#8221;Mission&#8221; tab_id=&#8221;1620646982146-2-8&#8243;]<div class=\"porto-u-heading  wpb_custom_497a1ef59c281198d2b8242f83cd467d\" data-hspacer=\"no_spacer\" data-halign=\"left\" style=\"text-align:left\"><div class=\"porto-u-sub-heading\" style=\"\">\u015eirketler i\u00e7in etik Ticari de\u011ferleri ve ekonomik kayg\u0131lar\u0131 bilincin \u00f6n\u00fcne koyarak, m\u00fc\u015fteri ve payda\u015flar\u0131na de\u011fer katmay\u0131 temel misyonu olarak belirlemi\u015ftir.<\/div><\/div>[\/vc_tab][\/vc_tabs][\/vc_column][\/vc_row][vc_row el_id=&#8221;company&#8221;][vc_column][vc_custom_heading text=&#8221;\u015eirket T\u00fczel Ki\u015fi Bilgileri&#8221; font_container=&#8221;tag:h2|font_size:2em|text_align:left|line_height:1&#8243; use_theme_fonts=&#8221;yes&#8221; el_class=&#8221;m-t-xl mb-4&#8243;]<div class=\"porto-u-heading  wpb_custom_497a1ef59c281198d2b8242f83cd467d\" data-hspacer=\"no_spacer\" data-halign=\"left\" style=\"text-align:left\"><div class=\"porto-u-sub-heading\" style=\"\"><strong>Firmam\u0131z ULUDA\u011e \u0130HRACAT\u00c7ILAR B\u0130RL\u0130\u011e\u0130 \u00fcyesidir.<\/strong><br \/>\n\u015eirket Resmi \u00dcnvan\u0131:<br \/>\nBULUT\u0130\u015e TEKST\u0130L SAN. ve T\u0130C. LTD. \u015eT\u0130.<br \/>\nBanka Hesaplar\u0131:<br \/>\nKUVEYT T\u00dcRK KATILIM BANKASI A.\u015e. : TR42 0020 5000 0939 2033 9001 01<br \/>\nTicaret Sicil Numaras\u0131: 68 076<br \/>\nMERS\u0130S No : 0631055410300019<\/div><\/div>[\/vc_column][\/vc_row]<\/p>\n","protected":false},"excerpt":{"rendered":"<p>[vc_row el_id=&#8221;who-we-are&#8221; el_class=&#8221;m-t-n-md p-t-md&#8221;][vc_column][vc_custom_heading text=&#8221;Biz Kimiz&#8221; font_container=&#8221;tag:h2|font_size:2em|text_align:left|line_height:1&#8243; use_theme_fonts=&#8221;yes&#8221; el_class=&#8221;mb-4&#8243;][vc_gallery interval=&#8221;3&#8243; images=&#8221;920,921,922,923,929,930&#8243; img_size=&#8221;full&#8221; onclick=&#8221;&#8221;][vc_column_text]2008 y\u0131l\u0131nda g\u00fcnl\u00fck spor giyim, okul k\u0131yafetleri, \u0130\u015f ve Medikal k\u0131yafetleri \u00fcretimi ile yola \u00e7\u0131kan firmam\u0131z, 2018 y\u0131l\u0131nda bebek \u00fcr\u00fcnleri imalat ve satisini urun gam\u0131na eklemi\u015ftir bu amacla yurtd\u0131\u015f\u0131 pazara donuk www.wizybaby.com ile ve yurti\u00e7i pazara d\u00f6n\u00fck www.hosgeldinbebegim.com.tr e-ticaret siteleri ile siz de\u011ferli [&hellip;]<\/p>\n","protected":false},"author":1,"featured_media":0,"parent":0,"menu_order":0,"comment_status":"closed","ping_status":"closed","template":"","meta":{"ngg_post_thumbnail":0,"footnotes":""},"_links":{"self":[{"href":"https:\/\/bulutistekstil.com\/index.php\/wp-json\/wp\/v2\/pages\/967"}],"collection":[{"href":"https:\/\/bulutistekstil.com\/index.php\/wp-json\/wp\/v2\/pages"}],"about":[{"href":"https:\/\/bulutistekstil.com\/index.php\/wp-json\/wp\/v2\/types\/page"}],"author":[{"embeddable":true,"href":"https:\/\/bulutistekstil.com\/index.php\/wp-json\/wp\/v2\/users\/1"}],"replies":[{"embeddable":true,"href":"https:\/\/bulutistekstil.com\/index.php\/wp-json\/wp\/v2\/comments?post=967"}],"version-history":[{"count":1,"href":"https:\/\/bulutistekstil.com\/index.php\/wp-json\/wp\/v2\/pages\/967\/revisions"}],"predecessor-version":[{"id":968,"href":"https:\/\/bulutistekstil.com\/index.php\/wp-json\/wp\/v2\/pages\/967\/revisions\/968"}],"wp:attachment":[{"href":"https:\/\/bulutistekstil.com\/index.php\/wp-json\/wp\/v2\/media?parent=967"}],"curies":[{"name":"wp","href":"https:\/\/api.w.org\/{rel}","templated":true}]}}