{"id":1008,"date":"2022-04-20T21:07:57","date_gmt":"2022-04-20T21:07:57","guid":{"rendered":"https:\/\/erkamyurt.com.tr\/bulutis\/?page_id=1008"},"modified":"2022-04-20T21:07:57","modified_gmt":"2022-04-20T21:07:57","slug":"kumas","status":"publish","type":"page","link":"https:\/\/bulutistekstil.com\/index.php\/tr\/kumas\/","title":{"rendered":"Kuma\u015f"},"content":{"rendered":"<p>[vc_row][vc_column width=&#8221;1\/3&#8243; offset=&#8221;vc_col-xs-6&#8243;][vc_custom_heading text=&#8221;Y\u0131rt\u0131lmaz Kuma\u015flar&#8221; font_container=&#8221;tag:h4|text_align:center&#8221; use_theme_fonts=&#8221;yes&#8221;]<div class=\"porto-image-frame \"><img alt=\"\" src=\"\/\/bulutistekstil.com\/wp-content\/uploads\/2022\/04\/WhatsApp-Image-2022-04-16-at-00.01.57-400x300.jpeg\" class=\"img-responsive img-rounded img-box-shadow\" width=\"400\" height=\"300\"><\/div>[vc_column_text]A\u011f\u0131rl\u0131k :<br \/>\nKompozisyon:<br \/>\nRenkler :[\/vc_column_text][vc_custom_heading text=&#8221;Pike Lacoste Kuma\u015f&#8221; font_container=&#8221;tag:h4|text_align:center&#8221; use_theme_fonts=&#8221;yes&#8221;]<div class=\"porto-image-frame \"><img alt=\"\" src=\"\/\/bulutistekstil.com\/wp-content\/uploads\/2022\/04\/WhatsApp-Image-2022-04-16-at-00.03.15-400x300.jpeg\" class=\"img-responsive img-rounded img-box-shadow\" width=\"400\" height=\"300\"><\/div>[vc_column_text]A\u011f\u0131rl\u0131k :<br \/>\nKompozisyon:<br \/>\nRenkler :[\/vc_column_text][vc_custom_heading text=&#8221;Pamuklu Polar Kuma\u015flar&#8221; font_container=&#8221;tag:h4|text_align:center&#8221; use_theme_fonts=&#8221;yes&#8221;]<div class=\"porto-image-frame \"><img alt=\"\" src=\"\/\/bulutistekstil.com\/wp-content\/uploads\/2022\/04\/WhatsApp-Image-2022-04-16-at-00.07.44-400x300.jpeg\" class=\"img-responsive img-rounded img-box-shadow\" width=\"400\" height=\"300\"><\/div>[vc_column_text]A\u011f\u0131rl\u0131k :<br \/>\nKompozisyon:<br \/>\nRenkler :[\/vc_column_text][vc_custom_heading text=&#8221;Ra\u015fel Polyester Kuma\u015f&#8221; font_container=&#8221;tag:h4|text_align:center&#8221; use_theme_fonts=&#8221;yes&#8221;]<div class=\"porto-image-frame \"><img alt=\"\" src=\"\/\/bulutistekstil.com\/wp-content\/uploads\/2022\/04\/WhatsApp-Image-2022-04-16-at-00.28.21-400x277-1-400x300.jpeg\" class=\"img-responsive img-rounded img-box-shadow\" width=\"400\" height=\"300\"><\/div>[vc_column_text]A\u011f\u0131rl\u0131k :<br \/>\nKompozisyon:<br \/>\nRenkler :[\/vc_column_text][vc_custom_heading text=&#8221;Terykoton G\u00f6mleklik Kuma\u015f&#8221; font_container=&#8221;tag:h4|text_align:center&#8221; use_theme_fonts=&#8221;yes&#8221;]<div class=\"porto-image-frame \"><img alt=\"\" src=\"\/\/bulutistekstil.com\/wp-content\/uploads\/2022\/04\/WhatsApp-Image-2022-04-16-at-00.41.47-400x300.jpeg\" class=\"img-responsive img-rounded img-box-shadow\" width=\"400\" height=\"300\"><\/div>[vc_column_text]A\u011f\u0131rl\u0131k :<br \/>\nKompozisyon:<br \/>\nRenkler :[\/vc_column_text][\/vc_column][vc_column width=&#8221;1\/3&#8243; offset=&#8221;vc_col-xs-6&#8243;][vc_custom_heading text=&#8221;Antistatik Medikal Kuma\u015flar&#8221; font_container=&#8221;tag:h4|text_align:center&#8221; use_theme_fonts=&#8221;yes&#8221;]<div class=\"porto-image-frame \"><img alt=\"\" src=\"\/\/bulutistekstil.com\/wp-content\/uploads\/2022\/04\/WhatsApp-Image-2022-04-16-at-00.02.14-400x300.jpeg\" class=\"img-responsive img-rounded img-box-shadow\" width=\"400\" height=\"300\"><\/div>[vc_column_text]A\u011f\u0131rl\u0131k :<br \/>\nKompozisyon:<br \/>\nRenkler :[\/vc_column_text][vc_custom_heading text=&#8221;Poliviskon Alpaka Kuma\u015flar&#8221; font_container=&#8221;tag:h4|text_align:center&#8221; use_theme_fonts=&#8221;yes&#8221;]<div class=\"porto-image-frame \"><img alt=\"\" src=\"\/\/bulutistekstil.com\/wp-content\/uploads\/2022\/04\/WhatsApp-Image-2022-04-16-at-00.04.34-400x300.jpeg\" class=\"img-responsive img-rounded img-box-shadow\" width=\"400\" height=\"300\"><\/div>[vc_column_text]A\u011f\u0131rl\u0131k :<br \/>\nKompozisyon:<br \/>\nRenkler :[\/vc_column_text][vc_custom_heading text=&#8221;Jersey Kuma\u015f&#8221; font_container=&#8221;tag:h4|text_align:center&#8221; use_theme_fonts=&#8221;yes&#8221;]<div class=\"porto-image-frame \"><img alt=\"\" src=\"\/\/bulutistekstil.com\/wp-content\/uploads\/2022\/04\/WhatsApp-Image-2022-04-16-at-00.18.06-400x300.jpeg\" class=\"img-responsive img-rounded img-box-shadow\" width=\"400\" height=\"300\"><\/div>[vc_column_text]A\u011f\u0131rl\u0131k :<br \/>\nKompozisyon:<br \/>\nRenkler :[\/vc_column_text][vc_custom_heading text=&#8221;30\/100 Tam Likral\u0131 E\u015fofman Kuma\u015f\u0131&#8221; font_container=&#8221;tag:h4|text_align:center&#8221; use_theme_fonts=&#8221;yes&#8221;]<div class=\"porto-image-frame \"><img alt=\"\" src=\"\/\/bulutistekstil.com\/wp-content\/uploads\/2022\/04\/WhatsApp-Image-2022-04-16-at-00.30.17-400x300.jpeg\" class=\"img-responsive img-rounded img-box-shadow\" width=\"400\" height=\"300\"><\/div>[vc_column_text]A\u011f\u0131rl\u0131k :<br \/>\nKompozisyon:<br \/>\nRenkler :[\/vc_column_text][vc_custom_heading text=&#8221;Poplin Kuma\u015f&#8221; font_container=&#8221;tag:h4|text_align:center&#8221; use_theme_fonts=&#8221;yes&#8221;]<div class=\"porto-image-frame \"><img alt=\"\" src=\"\/\/bulutistekstil.com\/wp-content\/uploads\/2022\/04\/WhatsApp-Image-2022-04-16-at-00.43.59-400x300.jpeg\" class=\"img-responsive img-rounded img-box-shadow\" width=\"400\" height=\"300\"><\/div>[vc_column_text]A\u011f\u0131rl\u0131k :<br \/>\nKompozisyon:<br \/>\nRenkler :[\/vc_column_text][vc_custom_heading text=&#8221;Pamuklu veya PolyCotton Gabardin Kuma\u015f&#8221; font_container=&#8221;tag:h4|text_align:center&#8221; use_theme_fonts=&#8221;yes&#8221;]<div class=\"porto-image-frame \"><img alt=\"\" src=\"\/\/bulutistekstil.com\/wp-content\/uploads\/2022\/04\/121-400x300.jpg\" class=\"img-responsive img-rounded img-box-shadow\" width=\"400\" height=\"300\"><\/div>[vc_column_text]A\u011f\u0131rl\u0131k :<br \/>\nKompozisyon:<br \/>\nRenkler :[\/vc_column_text][\/vc_column][vc_column width=&#8221;1\/3&#8243; offset=&#8221;vc_col-xs-6&#8243;][vc_custom_heading text=&#8221;Oxford Su Ge\u00e7irmez Kuma\u015flar&#8221; font_container=&#8221;tag:h4|text_align:center&#8221; use_theme_fonts=&#8221;yes&#8221;]<div class=\"porto-image-frame \"><img alt=\"\" src=\"\/\/bulutistekstil.com\/wp-content\/uploads\/2022\/04\/WhatsApp-Image-2022-04-16-at-00.02.53-400x300.jpeg\" class=\"img-responsive img-rounded img-box-shadow\" width=\"400\" height=\"300\"><\/div>[vc_column_text]A\u011f\u0131rl\u0131k :<br \/>\nKompozisyon:<br \/>\nRenkler :[\/vc_column_text][vc_custom_heading text=&#8221;Polar Kuma\u015flar&#8221; font_container=&#8221;tag:h4|text_align:center&#8221; use_theme_fonts=&#8221;yes&#8221;]<div class=\"porto-image-frame \"><img alt=\"\" src=\"\/\/bulutistekstil.com\/wp-content\/uploads\/2022\/04\/WhatsApp-Image-2022-04-16-at-00.05.35-400x300.jpeg\" class=\"img-responsive img-rounded img-box-shadow\" width=\"400\" height=\"300\"><\/div>[vc_column_text]A\u011f\u0131rl\u0131k :<br \/>\nKompozisyon:<br \/>\nRenkler :[\/vc_column_text][vc_custom_heading text=&#8221;\u00d6rg\u00fc Kuma\u015f&#8221; font_container=&#8221;tag:h4|text_align:center&#8221; use_theme_fonts=&#8221;yes&#8221;]<div class=\"porto-image-frame \"><img alt=\"\" src=\"\/\/bulutistekstil.com\/wp-content\/uploads\/2022\/04\/WhatsApp-Image-2022-04-16-at-00.19.42-400x300.jpeg\" class=\"img-responsive img-rounded img-box-shadow\" width=\"400\" height=\"300\"><\/div>[vc_column_text]A\u011f\u0131rl\u0131k :<br \/>\nKompozisyon:<br \/>\nRenkler :[\/vc_column_text][vc_custom_heading text=&#8221;Softshell Fabric&#8221; font_container=&#8221;tag:h4|text_align:center&#8221; use_theme_fonts=&#8221;yes&#8221;]<div class=\"porto-image-frame \"><img alt=\"\" src=\"\/\/bulutistekstil.com\/wp-content\/uploads\/2022\/04\/WhatsApp-Image-2022-04-16-at-00.31.27-400x300.jpeg\" class=\"img-responsive img-rounded img-box-shadow\" width=\"400\" height=\"300\"><\/div>[vc_column_text]A\u011f\u0131rl\u0131k :<br \/>\nKompozisyon:<br \/>\nRenkler :[\/vc_column_text][vc_custom_heading text=&#8221;Bask\u0131l\u0131 Poplin Kuma\u015f&#8221; font_container=&#8221;tag:h4|text_align:center&#8221; use_theme_fonts=&#8221;yes&#8221;]<div class=\"porto-image-frame \"><img alt=\"\" src=\"\/\/bulutistekstil.com\/wp-content\/uploads\/2022\/04\/WhatsApp-Image-2022-04-16-at-00.44.51-400x300.jpeg\" class=\"img-responsive img-rounded img-box-shadow\" width=\"400\" height=\"300\"><\/div>[vc_column_text]A\u011f\u0131rl\u0131k :<br \/>\nKompozisyon:<br \/>\nRenkler :[\/vc_column_text][\/vc_column][\/vc_row]<\/p>\n","protected":false},"excerpt":{"rendered":"<p>[vc_row][vc_column width=&#8221;1\/3&#8243; offset=&#8221;vc_col-xs-6&#8243;][vc_custom_heading text=&#8221;Y\u0131rt\u0131lmaz Kuma\u015flar&#8221; font_container=&#8221;tag:h4|text_align:center&#8221; use_theme_fonts=&#8221;yes&#8221;][vc_column_text]A\u011f\u0131rl\u0131k : Kompozisyon: Renkler :[\/vc_column_text][vc_custom_heading text=&#8221;Pike Lacoste Kuma\u015f&#8221; font_container=&#8221;tag:h4|text_align:center&#8221; use_theme_fonts=&#8221;yes&#8221;][vc_column_text]A\u011f\u0131rl\u0131k : Kompozisyon: Renkler :[\/vc_column_text][vc_custom_heading text=&#8221;Pamuklu Polar Kuma\u015flar&#8221; font_container=&#8221;tag:h4|text_align:center&#8221; use_theme_fonts=&#8221;yes&#8221;][vc_column_text]A\u011f\u0131rl\u0131k : Kompozisyon: Renkler :[\/vc_column_text][vc_custom_heading text=&#8221;Ra\u015fel Polyester Kuma\u015f&#8221; font_container=&#8221;tag:h4|text_align:center&#8221; use_theme_fonts=&#8221;yes&#8221;][vc_column_text]A\u011f\u0131rl\u0131k : Kompozisyon: Renkler :[\/vc_column_text][vc_custom_heading text=&#8221;Terykoton G\u00f6mleklik Kuma\u015f&#8221; font_container=&#8221;tag:h4|text_align:center&#8221; use_theme_fonts=&#8221;yes&#8221;][vc_column_text]A\u011f\u0131rl\u0131k : Kompozisyon: Renkler :[\/vc_column_text][\/vc_column][vc_column width=&#8221;1\/3&#8243; offset=&#8221;vc_col-xs-6&#8243;][vc_custom_heading text=&#8221;Antistatik Medikal Kuma\u015flar&#8221; font_container=&#8221;tag:h4|text_align:center&#8221; use_theme_fonts=&#8221;yes&#8221;][vc_column_text]A\u011f\u0131rl\u0131k : [&hellip;]<\/p>\n","protected":false},"author":1,"featured_media":0,"parent":0,"menu_order":0,"comment_status":"closed","ping_status":"closed","template":"","meta":{"ngg_post_thumbnail":0,"footnotes":""},"_links":{"self":[{"href":"https:\/\/bulutistekstil.com\/index.php\/wp-json\/wp\/v2\/pages\/1008"}],"collection":[{"href":"https:\/\/bulutistekstil.com\/index.php\/wp-json\/wp\/v2\/pages"}],"about":[{"href":"https:\/\/bulutistekstil.com\/index.php\/wp-json\/wp\/v2\/types\/page"}],"author":[{"embeddable":true,"href":"https:\/\/bulutistekstil.com\/index.php\/wp-json\/wp\/v2\/users\/1"}],"replies":[{"embeddable":true,"href":"https:\/\/bulutistekstil.com\/index.php\/wp-json\/wp\/v2\/comments?post=1008"}],"version-history":[{"count":1,"href":"https:\/\/bulutistekstil.com\/index.php\/wp-json\/wp\/v2\/pages\/1008\/revisions"}],"predecessor-version":[{"id":1009,"href":"https:\/\/bulutistekstil.com\/index.php\/wp-json\/wp\/v2\/pages\/1008\/revisions\/1009"}],"wp:attachment":[{"href":"https:\/\/bulutistekstil.com\/index.php\/wp-json\/wp\/v2\/media?parent=1008"}],"curies":[{"name":"wp","href":"https:\/\/api.w.org\/{rel}","templated":true}]}}